{"id":51186,"date":"2025-03-18T19:50:32","date_gmt":"2025-03-18T18:50:32","guid":{"rendered":"https:\/\/eshop.martinky.com\/?post_type=product&#038;p=51186"},"modified":"2026-04-15T08:47:04","modified_gmt":"2026-04-15T06:47:04","slug":"discover-the-history-of-martinske-hole","status":"publish","type":"product","link":"https:\/\/eshop.martinky.com\/en\/product\/discover-the-history-of-martinske-hole\/","title":{"rendered":"Group tour &#8211; Discover the history of Martinsk\u00e9 hole"},"content":{"rendered":"<p>Martinsk\u00e9 hole is also magical because it has a rich history that has lasted for more than a century. We will tell you about the history of the ski resort and various interesting things during a guided tour. You will learn about the construction of the huts at Martinsk\u00e9 hole, get acquainted with the history of the lifts and learn the story of the snowmobile RATRAC SR \u2013 300 (1975), which comes from Switzerland. There is a story associated with the vehicle that it was also at the XII. Winter Olympics in Innsbruck, where it was modified for the expected visit of US President Gerald Ford.<\/p>\n<p><strong>GUIDED TOUR<\/strong><\/p>\n<p>The group tour lasts 2 to 3 hours. It starts at the Nov\u00e1 Ponorka restaurant, continues to the Rotunda, then around the Kr\u00ed\u017eava transmitter to the highest point of L\u00fa\u010dansk\u00e1 Mala Fatra &#8211; Ve\u013ek\u00e1 L\u00faka and back. Reservations for the tour must be arranged in advance at the infoline: <a href=\"tel:+421434306000\"><strong>+421 43 430 6000<\/strong><\/a>.<\/p>\n<p><strong>TERMS OF APPLICATION<\/strong><\/p>\n<ul>\n<li>the fee is for the entire group of up to 25 people<\/li>\n<li>the group will receive a 10% discount on refreshments<\/li>\n<li>in case of inclement weather, the date may be changed<\/li>\n<li>the tour can be taken all year round<\/li>\n<\/ul>\n","protected":false},"excerpt":{"rendered":"<p>Martinsk\u00e9 hole is also magical because it has a rich history that has lasted for more than a century. We will tell you about the history of the ski resort and various interesting things during a guided tour. You will learn about the construction of the huts at Martinsk\u00e9 hole, get acquainted with the history of the lifts and learn the story of the snowmobile RATRAC SR \u2013 300 (1975), which comes from Switzerland. There is a story associated with the vehicle that it was also at the XII. Winter Olympics in Innsbruck, where it was modified for the expected visit of US President Gerald Ford.<\/p>\n<p><strong>GUIDED TOUR<\/strong><\/p>\n<p>The group tour lasts 2 to 3 hours. It starts at the Nov\u00e1 Ponorka restaurant, continues to the Rotunda, then around the Kr\u00ed\u017eava transmitter to the highest point of L\u00fa\u010dansk\u00e1 Mala Fatra &#8211; Ve\u013ek\u00e1 L\u00faka and back. Reservations for the tour must be arranged in advance at the infoline: <a href=\"tel:+421434306000\"><strong>+421 43 430 6000<\/strong><\/a>.<\/p>\n<p><strong>TERMS OF APPLICATION<\/strong><\/p>\n<ul>\n<li>the fee is for the entire group of up to 25 people<\/li>\n<li>the group will receive a 10% discount on refreshments<\/li>\n<li>in case of inclement weather, the date may be changed<\/li>\n<li>the tour can be taken all year round<\/li>\n<\/ul>\n","protected":false},"featured_media":51346,"template":"","meta":{"site-sidebar-layout":"default","site-content-layout":"default","ast-site-content-layout":"default","site-content-style":"default","site-sidebar-style":"default","ast-global-header-display":"","ast-banner-title-visibility":"","ast-main-header-display":"","ast-hfb-above-header-display":"","ast-hfb-below-header-display":"","ast-hfb-mobile-header-display":"","site-post-title":"","ast-breadcrumbs-content":"","ast-featured-img":"","footer-sml-layout":"","theme-transparent-header-meta":"default","adv-header-id-meta":"","stick-header-meta":"default","header-above-stick-meta":"","header-main-stick-meta":"","header-below-stick-meta":"","astra-migrate-meta-layouts":"set","ast-page-background-enabled":"default","ast-page-background-meta":{"desktop":{"background-color":"","background-image":"","background-repeat":"repeat","background-position":"center center","background-size":"auto","background-attachment":"scroll","background-type":"","background-media":"","overlay-type":"","overlay-color":"","overlay-opacity":"","overlay-gradient":""},"tablet":{"background-color":"","background-image":"","background-repeat":"repeat","background-position":"center center","background-size":"auto","background-attachment":"scroll","background-type":"","background-media":"","overlay-type":"","overlay-color":"","overlay-opacity":"","overlay-gradient":""},"mobile":{"background-color":"","background-image":"","background-repeat":"repeat","background-position":"center center","background-size":"auto","background-attachment":"scroll","background-type":"","background-media":"","overlay-type":"","overlay-color":"","overlay-opacity":"","overlay-gradient":""}},"ast-content-background-meta":{"desktop":{"background-color":"var(--ast-global-color-5)","background-image":"","background-repeat":"repeat","background-position":"center center","background-size":"auto","background-attachment":"scroll","background-type":"","background-media":"","overlay-type":"","overlay-color":"","overlay-opacity":"","overlay-gradient":""},"tablet":{"background-color":"var(--ast-global-color-5)","background-image":"","background-repeat":"repeat","background-position":"center center","background-size":"auto","background-attachment":"scroll","background-type":"","background-media":"","overlay-type":"","overlay-color":"","overlay-opacity":"","overlay-gradient":""},"mobile":{"background-color":"var(--ast-global-color-5)","background-image":"","background-repeat":"repeat","background-position":"center center","background-size":"auto","background-attachment":"scroll","background-type":"","background-media":"","overlay-type":"","overlay-color":"","overlay-opacity":"","overlay-gradient":""}}},"product_brand":[],"product_cat":[116],"product_tag":[],"class_list":{"0":"post-51186","1":"product","2":"type-product","3":"status-publish","4":"has-post-thumbnail","6":"product_cat-attractions-in-summer","7":"desktop-align-left","8":"tablet-align-left","9":"mobile-align-left","10":"ast-product-gallery-layout-horizontal","11":"ast-product-single-variable","12":"ast-product-tabs-layout-horizontal","14":"first","15":"onbackorder","16":"taxable","17":"shipping-taxable","18":"purchasable","19":"product-type-variable"},"yoast_head":"<!-- This site is optimized with the Yoast SEO plugin v26.2 - https:\/\/yoast.com\/wordpress\/plugins\/seo\/ -->\n<title>Group tour - Discover the history of Martinsk\u00e9 hole - Martinky | Close to heaven, close to you<\/title>\n<meta name=\"description\" content=\"You will learn about the history of chalets and ski lifts at Martinsk\u00e9 hole and discover the story of the RATRAC SR \u2013 300 snowmobile.\" \/>\n<meta name=\"robots\" content=\"index, follow, max-snippet:-1, max-image-preview:large, max-video-preview:-1\" \/>\n<link rel=\"canonical\" href=\"https:\/\/eshop.martinky.com\/en\/product\/discover-the-history-of-martinske-hole\/\" \/>\n<meta property=\"og:locale\" content=\"en_US\" \/>\n<meta property=\"og:type\" content=\"article\" \/>\n<meta property=\"og:title\" content=\"Group tour - Discover the history of Martinsk\u00e9 hole - Martinky | Close to heaven, close to you\" \/>\n<meta property=\"og:description\" content=\"You will learn about the history of chalets and ski lifts at Martinsk\u00e9 hole and discover the story of the RATRAC SR \u2013 300 snowmobile.\" \/>\n<meta property=\"og:url\" content=\"https:\/\/eshop.martinky.com\/en\/product\/discover-the-history-of-martinske-hole\/\" \/>\n<meta property=\"og:site_name\" content=\"Martinky | Close to heaven, close to you\" \/>\n<meta property=\"article:publisher\" content=\"https:\/\/www.facebook.com\/winterparkmartinky\" \/>\n<meta property=\"article:modified_time\" content=\"2026-04-15T06:47:04+00:00\" \/>\n<meta property=\"og:image\" content=\"https:\/\/eshop.martinky.com\/wp-content\/uploads\/2025\/03\/Karticky_2025_kocka_historia-leto.png\" \/>\n\t<meta property=\"og:image:width\" content=\"1350\" \/>\n\t<meta property=\"og:image:height\" content=\"1350\" \/>\n\t<meta property=\"og:image:type\" content=\"image\/png\" \/>\n<meta name=\"twitter:card\" content=\"summary_large_image\" \/>\n<meta name=\"twitter:label1\" content=\"Est. reading time\" \/>\n\t<meta name=\"twitter:data1\" content=\"3 minutes\" \/>\n<script type=\"application\/ld+json\" class=\"yoast-schema-graph\">{\"@context\":\"https:\/\/schema.org\",\"@graph\":[{\"@type\":\"WebPage\",\"@id\":\"https:\/\/eshop.martinky.com\/en\/product\/discover-the-history-of-martinske-hole\/\",\"url\":\"https:\/\/eshop.martinky.com\/en\/product\/discover-the-history-of-martinske-hole\/\",\"name\":\"Group tour - Discover the history of Martinsk\u00e9 hole - Martinky | Close to heaven, close to you\",\"isPartOf\":{\"@id\":\"https:\/\/eshop.martinky.com\/#website\"},\"primaryImageOfPage\":{\"@id\":\"https:\/\/eshop.martinky.com\/en\/product\/discover-the-history-of-martinske-hole\/#primaryimage\"},\"image\":{\"@id\":\"https:\/\/eshop.martinky.com\/en\/product\/discover-the-history-of-martinske-hole\/#primaryimage\"},\"thumbnailUrl\":\"https:\/\/eshop.martinky.com\/wp-content\/uploads\/2025\/03\/Karticky_2025_kocka_historia-leto.png\",\"datePublished\":\"2025-03-18T18:50:32+00:00\",\"dateModified\":\"2026-04-15T06:47:04+00:00\",\"description\":\"You will learn about the history of chalets and ski lifts at Martinsk\u00e9 hole and discover the story of the RATRAC SR \u2013 300 snowmobile.\",\"breadcrumb\":{\"@id\":\"https:\/\/eshop.martinky.com\/en\/product\/discover-the-history-of-martinske-hole\/#breadcrumb\"},\"inLanguage\":\"en-US\",\"potentialAction\":[{\"@type\":\"ReadAction\",\"target\":[\"https:\/\/eshop.martinky.com\/en\/product\/discover-the-history-of-martinske-hole\/\"]}]},{\"@type\":\"ImageObject\",\"inLanguage\":\"en-US\",\"@id\":\"https:\/\/eshop.martinky.com\/en\/product\/discover-the-history-of-martinske-hole\/#primaryimage\",\"url\":\"https:\/\/eshop.martinky.com\/wp-content\/uploads\/2025\/03\/Karticky_2025_kocka_historia-leto.png\",\"contentUrl\":\"https:\/\/eshop.martinky.com\/wp-content\/uploads\/2025\/03\/Karticky_2025_kocka_historia-leto.png\",\"width\":1350,\"height\":1350},{\"@type\":\"BreadcrumbList\",\"@id\":\"https:\/\/eshop.martinky.com\/en\/product\/discover-the-history-of-martinske-hole\/#breadcrumb\",\"itemListElement\":[{\"@type\":\"ListItem\",\"position\":1,\"name\":\"Home\",\"item\":\"https:\/\/eshop.martinky.com\/\"},{\"@type\":\"ListItem\",\"position\":2,\"name\":\"Produkty\",\"item\":\"https:\/\/eshop.martinky.com\/shop-2\/\"},{\"@type\":\"ListItem\",\"position\":3,\"name\":\"Group tour &#8211; Discover the history of Martinsk\u00e9 hole\"}]},{\"@type\":\"WebSite\",\"@id\":\"https:\/\/eshop.martinky.com\/#website\",\"url\":\"https:\/\/eshop.martinky.com\/\",\"name\":\"Martinky | Close to heaven, close to you\",\"description\":\"Online obchod - Winter Park Martinky\",\"publisher\":{\"@id\":\"https:\/\/eshop.martinky.com\/#organization\"},\"potentialAction\":[{\"@type\":\"SearchAction\",\"target\":{\"@type\":\"EntryPoint\",\"urlTemplate\":\"https:\/\/eshop.martinky.com\/?s={search_term_string}\"},\"query-input\":{\"@type\":\"PropertyValueSpecification\",\"valueRequired\":true,\"valueName\":\"search_term_string\"}}],\"inLanguage\":\"en-US\"},{\"@type\":\"Organization\",\"@id\":\"https:\/\/eshop.martinky.com\/#organization\",\"name\":\"Martinky | Close to heaven, close to you\",\"url\":\"https:\/\/eshop.martinky.com\/\",\"logo\":{\"@type\":\"ImageObject\",\"inLanguage\":\"en-US\",\"@id\":\"https:\/\/eshop.martinky.com\/#\/schema\/logo\/image\/\",\"url\":\"https:\/\/eshop.martinky.com\/wp-content\/uploads\/2026\/04\/martinske-hole-leto.png\",\"contentUrl\":\"https:\/\/eshop.martinky.com\/wp-content\/uploads\/2026\/04\/martinske-hole-leto.png\",\"width\":180,\"height\":60,\"caption\":\"Martinky | Close to heaven, close to you\"},\"image\":{\"@id\":\"https:\/\/eshop.martinky.com\/#\/schema\/logo\/image\/\"},\"sameAs\":[\"https:\/\/www.facebook.com\/winterparkmartinky\",\"https:\/\/www.youtube.com\/channel\/UCW8RFz1pcFySbhaYA1Ckwhw\",\"https:\/\/www.instagram.com\/martinskehole\/\"]}]}<\/script>\n<!-- \/ Yoast SEO plugin. -->","yoast_head_json":{"title":"Group tour - Discover the history of Martinsk\u00e9 hole - Martinky | Close to heaven, close to you","description":"You will learn about the history of chalets and ski lifts at Martinsk\u00e9 hole and discover the story of the RATRAC SR \u2013 300 snowmobile.","robots":{"index":"index","follow":"follow","max-snippet":"max-snippet:-1","max-image-preview":"max-image-preview:large","max-video-preview":"max-video-preview:-1"},"canonical":"https:\/\/eshop.martinky.com\/en\/product\/discover-the-history-of-martinske-hole\/","og_locale":"en_US","og_type":"article","og_title":"Group tour - Discover the history of Martinsk\u00e9 hole - Martinky | Close to heaven, close to you","og_description":"You will learn about the history of chalets and ski lifts at Martinsk\u00e9 hole and discover the story of the RATRAC SR \u2013 300 snowmobile.","og_url":"https:\/\/eshop.martinky.com\/en\/product\/discover-the-history-of-martinske-hole\/","og_site_name":"Martinky | Close to heaven, close to you","article_publisher":"https:\/\/www.facebook.com\/winterparkmartinky","article_modified_time":"2026-04-15T06:47:04+00:00","og_image":[{"width":1350,"height":1350,"url":"https:\/\/eshop.martinky.com\/wp-content\/uploads\/2025\/03\/Karticky_2025_kocka_historia-leto.png","type":"image\/png"}],"twitter_card":"summary_large_image","twitter_misc":{"Est. reading time":"3 minutes"},"schema":{"@context":"https:\/\/schema.org","@graph":[{"@type":"WebPage","@id":"https:\/\/eshop.martinky.com\/en\/product\/discover-the-history-of-martinske-hole\/","url":"https:\/\/eshop.martinky.com\/en\/product\/discover-the-history-of-martinske-hole\/","name":"Group tour - Discover the history of Martinsk\u00e9 hole - Martinky | Close to heaven, close to you","isPartOf":{"@id":"https:\/\/eshop.martinky.com\/#website"},"primaryImageOfPage":{"@id":"https:\/\/eshop.martinky.com\/en\/product\/discover-the-history-of-martinske-hole\/#primaryimage"},"image":{"@id":"https:\/\/eshop.martinky.com\/en\/product\/discover-the-history-of-martinske-hole\/#primaryimage"},"thumbnailUrl":"https:\/\/eshop.martinky.com\/wp-content\/uploads\/2025\/03\/Karticky_2025_kocka_historia-leto.png","datePublished":"2025-03-18T18:50:32+00:00","dateModified":"2026-04-15T06:47:04+00:00","description":"You will learn about the history of chalets and ski lifts at Martinsk\u00e9 hole and discover the story of the RATRAC SR \u2013 300 snowmobile.","breadcrumb":{"@id":"https:\/\/eshop.martinky.com\/en\/product\/discover-the-history-of-martinske-hole\/#breadcrumb"},"inLanguage":"en-US","potentialAction":[{"@type":"ReadAction","target":["https:\/\/eshop.martinky.com\/en\/product\/discover-the-history-of-martinske-hole\/"]}]},{"@type":"ImageObject","inLanguage":"en-US","@id":"https:\/\/eshop.martinky.com\/en\/product\/discover-the-history-of-martinske-hole\/#primaryimage","url":"https:\/\/eshop.martinky.com\/wp-content\/uploads\/2025\/03\/Karticky_2025_kocka_historia-leto.png","contentUrl":"https:\/\/eshop.martinky.com\/wp-content\/uploads\/2025\/03\/Karticky_2025_kocka_historia-leto.png","width":1350,"height":1350},{"@type":"BreadcrumbList","@id":"https:\/\/eshop.martinky.com\/en\/product\/discover-the-history-of-martinske-hole\/#breadcrumb","itemListElement":[{"@type":"ListItem","position":1,"name":"Home","item":"https:\/\/eshop.martinky.com\/"},{"@type":"ListItem","position":2,"name":"Produkty","item":"https:\/\/eshop.martinky.com\/shop-2\/"},{"@type":"ListItem","position":3,"name":"Group tour &#8211; Discover the history of Martinsk\u00e9 hole"}]},{"@type":"WebSite","@id":"https:\/\/eshop.martinky.com\/#website","url":"https:\/\/eshop.martinky.com\/","name":"Martinky | Close to heaven, close to you","description":"Online obchod - Winter Park Martinky","publisher":{"@id":"https:\/\/eshop.martinky.com\/#organization"},"potentialAction":[{"@type":"SearchAction","target":{"@type":"EntryPoint","urlTemplate":"https:\/\/eshop.martinky.com\/?s={search_term_string}"},"query-input":{"@type":"PropertyValueSpecification","valueRequired":true,"valueName":"search_term_string"}}],"inLanguage":"en-US"},{"@type":"Organization","@id":"https:\/\/eshop.martinky.com\/#organization","name":"Martinky | Close to heaven, close to you","url":"https:\/\/eshop.martinky.com\/","logo":{"@type":"ImageObject","inLanguage":"en-US","@id":"https:\/\/eshop.martinky.com\/#\/schema\/logo\/image\/","url":"https:\/\/eshop.martinky.com\/wp-content\/uploads\/2026\/04\/martinske-hole-leto.png","contentUrl":"https:\/\/eshop.martinky.com\/wp-content\/uploads\/2026\/04\/martinske-hole-leto.png","width":180,"height":60,"caption":"Martinky | Close to heaven, close to you"},"image":{"@id":"https:\/\/eshop.martinky.com\/#\/schema\/logo\/image\/"},"sameAs":["https:\/\/www.facebook.com\/winterparkmartinky","https:\/\/www.youtube.com\/channel\/UCW8RFz1pcFySbhaYA1Ckwhw","https:\/\/www.instagram.com\/martinskehole\/"]}]}},"_links":{"self":[{"href":"https:\/\/eshop.martinky.com\/en\/wp-json\/wp\/v2\/product\/51186","targetHints":{"allow":["GET"]}}],"collection":[{"href":"https:\/\/eshop.martinky.com\/en\/wp-json\/wp\/v2\/product"}],"about":[{"href":"https:\/\/eshop.martinky.com\/en\/wp-json\/wp\/v2\/types\/product"}],"wp:featuredmedia":[{"embeddable":true,"href":"https:\/\/eshop.martinky.com\/en\/wp-json\/wp\/v2\/media\/51346"}],"wp:attachment":[{"href":"https:\/\/eshop.martinky.com\/en\/wp-json\/wp\/v2\/media?parent=51186"}],"wp:term":[{"taxonomy":"product_brand","embeddable":true,"href":"https:\/\/eshop.martinky.com\/en\/wp-json\/wp\/v2\/product_brand?post=51186"},{"taxonomy":"product_cat","embeddable":true,"href":"https:\/\/eshop.martinky.com\/en\/wp-json\/wp\/v2\/product_cat?post=51186"},{"taxonomy":"product_tag","embeddable":true,"href":"https:\/\/eshop.martinky.com\/en\/wp-json\/wp\/v2\/product_tag?post=51186"}],"curies":[{"name":"wp","href":"https:\/\/api.w.org\/{rel}","templated":true}]}}